{"id":849,"date":"2025-10-06T13:46:58","date_gmt":"2025-10-06T11:46:58","guid":{"rendered":"https:\/\/www.labuonastampa.ch\/prodotti\/"},"modified":"2025-10-06T15:50:49","modified_gmt":"2025-10-06T13:50:49","slug":"produits","status":"publish","type":"page","link":"https:\/\/www.labuonastampa.ch\/fr\/produits\/","title":{"rendered":"Produits"},"content":{"rendered":"<div class=\"wpb-content-wrapper\"><p>[vc_row][vc_column]<div class=\"dfd-spacer-module\"  data-units=\"px\" data-wide_resolution=\"1280\" data-wide_size=\"100\" data-normal_resolution=\"1024\" data-normal_size=\"100\" data-tablet_resolution=\"800\" data-tablet_size=\"50\" data-mobile_resolution=\"480\" data-mobile_size=\"50\" style=\"height: 100px;\"><\/div>[\/vc_column][\/vc_row][vc_row][vc_column width=\u00a0\u00bb1\/2&Prime; css=\u00a0\u00bb.vc_custom_1539154313038{padding-top: 80px !important;padding-right: 20px !important;padding-left: 20px !important;}\u00a0\u00bb][vc_column_text css_animation=\u00a0\u00bbnone\u00a0\u00bb]<\/p>\n<p><\/p>\n<h1 class=\"testi_top\">Si l&rsquo;id\u00e9e est bonne, la r\u00e9alisation et la communication doivent \u00eatre irr\u00e9prochables.<\/h1>\n<p><\/p>\n<p>&nbsp;<\/p>\n<p><\/p>\n<div class=\"testi_top\">Nos produits sont enti\u00e8rement personnalis\u00e9s en fonction de vos besoins. Vous trouverez ici quelques exemples de ce que nous pouvons r\u00e9aliser ensemble : le reste, nous le laissons \u00e0 votre imagination.<\/div>\n<p><\/p>\n<p>[\/vc_column_text][vc_row_inner css=\u00a0\u00bb.vc_custom_1539094534762{padding-top: 20px !important;}\u00a0\u00bb][vc_column_inner width=\u00a0\u00bb1\/2&Prime;]<div id=\"dfd-icon-list-6a05853fa4e5e-2563\" class=\"dfd-icon-list-wrap  del-full-width style-2  \" ><ul class=\"dfd-icon-list\"><li class=\"\"><div class=\"dfd-list-content clearfix \" style=\"\"><div class=\"dfd-list-content-block content\"><\/p>\n<p><\/p>\n<div class=\"testi_left\">Cartes de visite<\/div>\n<p><\/p>\n<p><\/div><\/div><span class=\"dfd-icon-item-delimiter\" style=\"border-bottom-width:1px; border-style:dashed; border-color:#000000; \"><\/span><\/li><li class=\"\"><div class=\"dfd-list-content clearfix \" style=\"\"><div class=\"dfd-list-content-block content\"><\/p>\n<p><\/p>\n<div class=\"testi_left\">Papier \u00e0 en-t\u00eate<\/div>\n<p><\/p>\n<p><\/div><\/div><span class=\"dfd-icon-item-delimiter\" style=\"border-bottom-width:1px; border-style:dashed; border-color:#000000; \"><\/span><\/li><li class=\"\"><div class=\"dfd-list-content clearfix \" style=\"\"><div class=\"dfd-list-content-block content\"><\/p>\n<p><\/p>\n<div class=\"testi_left\">Enveloppes<\/div>\n<p><\/p>\n<p><\/div><\/div><span class=\"dfd-icon-item-delimiter\" style=\"border-bottom-width:1px; border-style:dashed; border-color:#000000; \"><\/span><\/li><li class=\"\"><div class=\"dfd-list-content clearfix \" style=\"\"><div class=\"dfd-list-content-block content\"><\/p>\n<p><\/p>\n<div class=\"testi_left\">Bloc-notes<\/div>\n<p><\/p>\n<p><\/div><\/div><span class=\"dfd-icon-item-delimiter\" style=\"border-bottom-width:1px; border-style:dashed; border-color:#000000; \"><\/span><\/li><li class=\"\"><div class=\"dfd-list-content clearfix \" style=\"\"><div class=\"dfd-list-content-block content\"><\/p>\n<p><\/p>\n<div class=\"testi_left\">Calendriers<\/div>\n<p><\/p>\n<p><\/div><\/div><span class=\"dfd-icon-item-delimiter\" style=\"border-bottom-width:1px; border-style:dashed; border-color:#000000; \"><\/span><\/li><li class=\"\"><div class=\"dfd-list-content clearfix \" style=\"\"><div class=\"dfd-list-content-block content\"><\/p>\n<p><\/p>\n<div class=\"testi_left\">Flyers<\/div>\n<p><\/p>\n<p><\/div><\/div><span class=\"dfd-icon-item-delimiter\" style=\"border-bottom-width:1px; border-style:dashed; border-color:#000000; \"><\/span><\/li><li class=\"\"><div class=\"dfd-list-content clearfix \" style=\"\"><div class=\"dfd-list-content-block content\"><\/p>\n<p><\/p>\n<div class=\"testi_left\">Affiches<\/div>\n<p><\/p>\n<p><\/div><\/div><span class=\"dfd-icon-item-delimiter\" style=\"border-bottom-width:1px; border-style:dashed; border-color:#000000; \"><\/span><\/li><li class=\"\"><div class=\"dfd-list-content clearfix \" style=\"\"><div class=\"dfd-list-content-block content\"><\/p>\n<p><\/p>\n<div class=\"testi_left\">D\u00e9pliants<\/div>\n<p><\/p>\n<p><\/div><\/div><span class=\"dfd-icon-item-delimiter\" style=\"border-bottom-width:1px; border-style:dashed; border-color:#000000; \"><\/span><\/li><li class=\"\"><div class=\"dfd-list-content clearfix \" style=\"\"><div class=\"dfd-list-content-block content\"><\/p>\n<p><\/p>\n<div class=\"testi_left\">Fiches techniques<\/div>\n<p><\/p>\n<p><\/div><\/div><span class=\"dfd-icon-item-delimiter\" style=\"border-bottom-width:1px; border-style:dashed; border-color:#000000; \"><\/span><\/li><li class=\"\"><div class=\"dfd-list-content clearfix \" style=\"\"><div class=\"dfd-list-content-block content\"><\/p>\n<p><\/p>\n<div class=\"testi_left\">Cartes postales<\/div>\n<p><\/p>\n<p><\/div><\/div><span class=\"dfd-icon-item-delimiter\" style=\"border-bottom-width:1px; border-style:dashed; border-color:#000000; \"><\/span><\/li><li class=\"\"><div class=\"dfd-list-content clearfix \" style=\"\"><div class=\"dfd-list-content-block content\"><\/div><\/div><span class=\"dfd-icon-item-delimiter\" style=\"border-bottom-width:1px; border-style:dashed; border-color:#000000; \"><\/span><\/li><\/ul><\/div><script type=\"text\/javascript\">(function($) {$(\"head\").append(\"<style>#dfd-icon-list-6a05853fa4e5e-2563 .dfd-icon-list .content {style=&quot;font-family:Lora; font-weight:400; font-style:normal; font-size: 18px; color: #000000 !important; line-height: 26px; letter-spacing: 0px; &quot;}<\/style>\");})(jQuery);<\/script>[\/vc_column_inner][vc_column_inner width=\u00a0\u00bb1\/2&Prime;]<div id=\"dfd-icon-list-6a05853fa51dd-4198\" class=\"dfd-icon-list-wrap  del-full-width style-2  \" ><ul class=\"dfd-icon-list\"><li class=\"\"><div class=\"dfd-list-content clearfix \" style=\"\"><div class=\"dfd-list-content-block content\">Invitations<\/div><\/div><span class=\"dfd-icon-item-delimiter\" style=\"border-bottom-width:1px; border-style:dashed; border-color:#000000; \"><\/span><\/li><li class=\"\"><div class=\"dfd-list-content clearfix \" style=\"\"><div class=\"dfd-list-content-block content\">Participations<\/div><\/div><span class=\"dfd-icon-item-delimiter\" style=\"border-bottom-width:1px; border-style:dashed; border-color:#000000; \"><\/span><\/li><li class=\"\"><div class=\"dfd-list-content clearfix \" style=\"\"><div class=\"dfd-list-content-block content\">Remerciements<\/div><\/div><span class=\"dfd-icon-item-delimiter\" style=\"border-bottom-width:1px; border-style:dashed; border-color:#000000; \"><\/span><\/li><li class=\"\"><div class=\"dfd-list-content clearfix \" style=\"\"><div class=\"dfd-list-content-block content\">Brossure<\/div><\/div><span class=\"dfd-icon-item-delimiter\" style=\"border-bottom-width:1px; border-style:dashed; border-color:#000000; \"><\/span><\/li><li class=\"\"><div class=\"dfd-list-content clearfix \" style=\"\"><div class=\"dfd-list-content-block content\">P\u00e9riodiques<\/div><\/div><span class=\"dfd-icon-item-delimiter\" style=\"border-bottom-width:1px; border-style:dashed; border-color:#000000; \"><\/span><\/li><li class=\"\"><div class=\"dfd-list-content clearfix \" style=\"\"><div class=\"dfd-list-content-block content\">Magazines<\/div><\/div><span class=\"dfd-icon-item-delimiter\" style=\"border-bottom-width:1px; border-style:dashed; border-color:#000000; \"><\/span><\/li><li class=\"\"><div class=\"dfd-list-content clearfix \" style=\"\"><div class=\"dfd-list-content-block content\">Livres<\/div><\/div><span class=\"dfd-icon-item-delimiter\" style=\"border-bottom-width:1px; border-style:dashed; border-color:#000000; \"><\/span><\/li><li class=\"\"><div class=\"dfd-list-content clearfix \" style=\"\"><div class=\"dfd-list-content-block content\">Livres d&rsquo;art<\/div><\/div><span class=\"dfd-icon-item-delimiter\" style=\"border-bottom-width:1px; border-style:dashed; border-color:#000000; \"><\/span><\/li><li class=\"\"><div class=\"dfd-list-content clearfix \" style=\"\"><div class=\"dfd-list-content-block content\">Libropiano<\/div><\/div><span class=\"dfd-icon-item-delimiter\" style=\"border-bottom-width:1px; border-style:dashed; border-color:#000000; \"><\/span><\/li><\/ul><\/div><script type=\"text\/javascript\">(function($) {$(\"head\").append(\"<style>#dfd-icon-list-6a05853fa51dd-4198 .dfd-icon-list .content {style=&quot;font-family:Lora; font-weight:400; font-style:normal; font-size: 18px; color: #000000 !important; line-height: 26px; letter-spacing: 0px; &quot;}<\/style>\");})(jQuery);<\/script>[\/vc_column_inner][\/vc_row_inner][\/vc_column][vc_column width=\u00a0\u00bb1\/2&Prime; css=\u00a0\u00bb.vc_custom_1702304810220{background-image: url(https:\/\/www.labuonastampa.ch\/wp-content\/uploads\/2018\/10\/labuonastampa_prodotti_lampadina.png?id=232) !important;background-position: center !important;background-repeat: no-repeat !important;background-size: contain !important;}\u00a0\u00bb col_shadow=\u00a0\u00bbbox_shadow_enable:disable|shadow_horizontal:0|shadow_vertical:15|shadow_blur:50|shadow_spread:0|box_shadow_color:rgba(0%2C0%2C0%2C.35)\u00a0\u00bb col_shadow_hover=\u00a0\u00bbbox_shadow_enable:disable|shadow_horizontal:0|shadow_vertical:15|shadow_blur:50|shadow_spread:0|box_shadow_color:rgba(0%2C0%2C0%2C.35)\u00a0\u00bb]<div class=\"dfd-spacer-module\"  data-units=\"px\" data-wide_resolution=\"1280\" data-wide_size=\"800\" data-normal_resolution=\"1024\" data-normal_size=\"700\" data-tablet_resolution=\"800\" data-tablet_size=\"800\" data-mobile_resolution=\"480\" data-mobile_size=\"500\" style=\"height: 800px;\"><\/div>[\/vc_column][\/vc_row]<\/p>\n<\/div>","protected":false},"excerpt":{"rendered":"<p>[vc_row][vc_column][\/vc_column][\/vc_row][vc_row][vc_column width=\u00a0\u00bb1\/2&Prime; css=\u00a0\u00bb.vc_custom_1539154313038{padding-top: 80px !important;padding-right: 20px !important;padding-left: 20px !important;}\u00a0\u00bb][vc_column_text css_animation=\u00a0\u00bbnone\u00a0\u00bb] Si l&rsquo;id\u00e9e est bonne, la r\u00e9alisation et la communication doivent \u00eatre irr\u00e9prochables. &nbsp; Nos produits sont enti\u00e8rement personnalis\u00e9s en fonction<\/p>\n","protected":false},"author":1,"featured_media":0,"parent":0,"menu_order":0,"comment_status":"closed","ping_status":"closed","template":"page-custom.php","meta":{"footnotes":""},"class_list":["post-849","page","type-page","status-publish","hentry"],"_links":{"self":[{"href":"https:\/\/www.labuonastampa.ch\/fr\/wp-json\/wp\/v2\/pages\/849","targetHints":{"allow":["GET"]}}],"collection":[{"href":"https:\/\/www.labuonastampa.ch\/fr\/wp-json\/wp\/v2\/pages"}],"about":[{"href":"https:\/\/www.labuonastampa.ch\/fr\/wp-json\/wp\/v2\/types\/page"}],"author":[{"embeddable":true,"href":"https:\/\/www.labuonastampa.ch\/fr\/wp-json\/wp\/v2\/users\/1"}],"replies":[{"embeddable":true,"href":"https:\/\/www.labuonastampa.ch\/fr\/wp-json\/wp\/v2\/comments?post=849"}],"version-history":[{"count":6,"href":"https:\/\/www.labuonastampa.ch\/fr\/wp-json\/wp\/v2\/pages\/849\/revisions"}],"predecessor-version":[{"id":867,"href":"https:\/\/www.labuonastampa.ch\/fr\/wp-json\/wp\/v2\/pages\/849\/revisions\/867"}],"wp:attachment":[{"href":"https:\/\/www.labuonastampa.ch\/fr\/wp-json\/wp\/v2\/media?parent=849"}],"curies":[{"name":"wp","href":"https:\/\/api.w.org\/{rel}","templated":true}]}}